{"id":64,"date":"2026-01-26T15:01:31","date_gmt":"2026-01-26T15:01:31","guid":{"rendered":"https:\/\/mx-tech.de\/?page_id=64"},"modified":"2026-04-14T12:23:53","modified_gmt":"2026-04-14T12:23:53","slug":"shop","status":"publish","type":"page","link":"https:\/\/mx-tech.de\/?page_id=64","title":{"rendered":"Shop"},"content":{"rendered":"\t\t<div data-elementor-type=\"wp-page\" data-elementor-id=\"64\" class=\"elementor elementor-64\" data-elementor-post-type=\"page\">\n\t\t\t\t<div class=\"elementor-element elementor-element-7b1dd6a e-flex e-con-boxed e-con e-parent\" data-id=\"7b1dd6a\" data-element_type=\"container\">\n\t\t\t\t\t<div class=\"e-con-inner\">\n\t\t\t\t<div class=\"elementor-element elementor-element-9699e2a elementor-widget elementor-widget-spacer\" data-id=\"9699e2a\" data-element_type=\"widget\" data-widget_type=\"spacer.default\">\n\t\t\t\t\t\t\t<div class=\"elementor-spacer\">\n\t\t\t<div class=\"elementor-spacer-inner\"><\/div>\n\t\t<\/div>\n\t\t\t\t\t\t<\/div>\n\t\t\t\t<div class=\"elementor-element elementor-element-04f3297 elementor-widget elementor-widget-theme-site-logo elementor-widget-image\" data-id=\"04f3297\" data-element_type=\"widget\" data-widget_type=\"theme-site-logo.default\">\n\t\t\t\t\t\t\t\t\t\t\t<a href=\"https:\/\/mx-tech.de\">\n\t\t\t<img decoding=\"async\" width=\"490\" height=\"93\" src=\"https:\/\/mx-tech.de\/wp-content\/uploads\/2026\/01\/cropped-mxtech-logo.png\" class=\"attachment-full size-full wp-image-26\" alt=\"\" srcset=\"https:\/\/mx-tech.de\/wp-content\/uploads\/2026\/01\/cropped-mxtech-logo.png 490w, https:\/\/mx-tech.de\/wp-content\/uploads\/2026\/01\/cropped-mxtech-logo-300x57.png 300w\" sizes=\"(max-width: 490px) 100vw, 490px\" \/>\t\t\t\t<\/a>\n\t\t\t\t\t\t\t\t\t\t\t<\/div>\n\t\t\t\t<div class=\"elementor-element elementor-element-895fe6a elementor-widget elementor-widget-heading\" data-id=\"895fe6a\" data-element_type=\"widget\" data-widget_type=\"heading.default\">\n\t\t\t\t\t<h2 class=\"elementor-heading-title elementor-size-default\">Unser Shop wird aktuell f\u00fcr Sie \u00fcberarbeitet.<\/h2>\t\t\t\t<\/div>\n\t\t\t\t<div class=\"elementor-element elementor-element-04b3134 elementor-widget elementor-widget-text-editor\" data-id=\"04b3134\" data-element_type=\"widget\" data-widget_type=\"text-editor.default\">\n\t\t\t\t\t\t\t\t\t<p>In K\u00fcrze stehen Ihnen hier unsere Produkte zur Verf\u00fcgung.<\/p>\t\t\t\t\t\t\t\t<\/div>\n\t\t\t\t<div class=\"elementor-element elementor-element-f5d0b52 elementor-widget elementor-widget-spacer\" data-id=\"f5d0b52\" data-element_type=\"widget\" data-widget_type=\"spacer.default\">\n\t\t\t\t\t\t\t<div class=\"elementor-spacer\">\n\t\t\t<div class=\"elementor-spacer-inner\"><\/div>\n\t\t<\/div>\n\t\t\t\t\t\t<\/div>\n\t\t\t\t<div class=\"elementor-element elementor-element-b35abb1 elementor-widget elementor-widget-text-editor\" data-id=\"b35abb1\" data-element_type=\"widget\" data-widget_type=\"text-editor.default\">\n\t\t\t\t\t\t\t\t\t<p><strong data-start=\"309\" data-end=\"383\">Besuchen Sie in der Zwischenzeit gerne unseren Shop auf Kleinanzeigen.<\/strong><\/p>\t\t\t\t\t\t\t\t<\/div>\n\t\t\t\t<div class=\"elementor-element elementor-element-989d280 elementor-align-center elementor-widget elementor-widget-button\" data-id=\"989d280\" data-element_type=\"widget\" data-widget_type=\"button.default\">\n\t\t\t\t\t\t\t\t\t\t<a class=\"elementor-button elementor-button-link elementor-size-sm\" href=\"https:\/\/www.kleinanzeigen.de\/s-bestandsliste.html?userId=153104466\">\n\t\t\t\t\t\t<span class=\"elementor-button-content-wrapper\">\n\t\t\t\t\t\t\t\t\t<span class=\"elementor-button-text\">Zum Kleinanzeigen-Shop<\/span>\n\t\t\t\t\t<\/span>\n\t\t\t\t\t<\/a>\n\t\t\t\t\t\t\t\t<\/div>\n\t\t\t\t\t<\/div>\n\t\t\t\t<\/div>\n\t\t<div class=\"elementor-element elementor-element-ca47de5 e-flex e-con-boxed e-con e-parent\" data-id=\"ca47de5\" data-element_type=\"container\">\n\t\t\t\t\t<div class=\"e-con-inner\">\n\t\t\t\t<div class=\"elementor-element elementor-element-41a0c4d elementor-widget elementor-widget-spacer\" data-id=\"41a0c4d\" data-element_type=\"widget\" data-widget_type=\"spacer.default\">\n\t\t\t\t\t\t\t<div class=\"elementor-spacer\">\n\t\t\t<div class=\"elementor-spacer-inner\"><\/div>\n\t\t<\/div>\n\t\t\t\t\t\t<\/div>\n\t\t\t\t<div class=\"elementor-element elementor-element-92224ae elementor-widget elementor-widget-template\" data-id=\"92224ae\" data-element_type=\"widget\" data-widget_type=\"template.default\">\n\t\t\t\t<div class=\"elementor-widget-container\">\n\t\t\t\t\t\t\t<div class=\"elementor-template\">\n\t\t\t\t\t<div data-elementor-type=\"footer\" data-elementor-id=\"58\" class=\"elementor elementor-58\" data-elementor-post-type=\"elementor_library\">\n\t\t\t<div class=\"elementor-element elementor-element-ebd8744 e-grid e-con-boxed e-con e-parent\" data-id=\"ebd8744\" data-element_type=\"container\">\n\t\t\t\t\t<div class=\"e-con-inner\">\n\t\t<div class=\"elementor-element elementor-element-77fe4f5 e-con-full e-flex e-con e-child\" data-id=\"77fe4f5\" data-element_type=\"container\">\n\t\t\t\t<div class=\"elementor-element elementor-element-ec433f4 elementor-widget elementor-widget-heading\" data-id=\"ec433f4\" data-element_type=\"widget\" data-widget_type=\"heading.default\">\n\t\t\t\t\t<h2 class=\"elementor-heading-title elementor-size-default\">Kontakt<\/h2>\t\t\t\t<\/div>\n\t\t\t\t<div class=\"elementor-element elementor-element-efd72aa elementor-widget elementor-widget-text-editor\" data-id=\"efd72aa\" data-element_type=\"widget\" data-widget_type=\"text-editor.default\">\n\t\t\t\t\t\t\t\t\t<p>E-Mail: info@mx-tech.de<\/p><p>Tel.: (+49) 015252629712<\/p>\t\t\t\t\t\t\t\t<\/div>\n\t\t\t\t<\/div>\n\t\t<div class=\"elementor-element elementor-element-816c7b3 e-con-full e-flex e-con e-child\" data-id=\"816c7b3\" data-element_type=\"container\">\n\t\t\t\t<div class=\"elementor-element elementor-element-5134be6 elementor-widget elementor-widget-theme-site-logo elementor-widget-image\" data-id=\"5134be6\" data-element_type=\"widget\" data-widget_type=\"theme-site-logo.default\">\n\t\t\t\t\t\t\t\t\t\t\t<a href=\"https:\/\/mx-tech.de\">\n\t\t\t<img decoding=\"async\" width=\"490\" height=\"93\" src=\"https:\/\/mx-tech.de\/wp-content\/uploads\/2026\/01\/cropped-mxtech-logo.png\" class=\"attachment-full size-full wp-image-26\" alt=\"\" srcset=\"https:\/\/mx-tech.de\/wp-content\/uploads\/2026\/01\/cropped-mxtech-logo.png 490w, https:\/\/mx-tech.de\/wp-content\/uploads\/2026\/01\/cropped-mxtech-logo-300x57.png 300w\" sizes=\"(max-width: 490px) 100vw, 490px\" \/>\t\t\t\t<\/a>\n\t\t\t\t\t\t\t\t\t\t\t<\/div>\n\t\t\t\t<div class=\"elementor-element elementor-element-0d6b62c elementor-widget elementor-widget-text-editor\" data-id=\"0d6b62c\" data-element_type=\"widget\" data-widget_type=\"text-editor.default\">\n\t\t\t\t\t\t\t\t\t<p>\u00a9 2026 MX-Tech<\/p>\t\t\t\t\t\t\t\t<\/div>\n\t\t\t\t<\/div>\n\t\t<div class=\"elementor-element elementor-element-0033604 e-con-full e-flex e-con e-child\" data-id=\"0033604\" data-element_type=\"container\">\n\t\t\t\t<div class=\"elementor-element elementor-element-c83e6e0 elementor-widget elementor-widget-heading\" data-id=\"c83e6e0\" data-element_type=\"widget\" data-widget_type=\"heading.default\">\n\t\t\t\t\t<h2 class=\"elementor-heading-title elementor-size-default\">Navigation<\/h2>\t\t\t\t<\/div>\n\t\t\t\t<div class=\"elementor-element elementor-element-64c6563 elementor-nav-menu__align-center elementor-nav-menu--dropdown-tablet elementor-nav-menu__text-align-aside elementor-nav-menu--toggle elementor-nav-menu--burger elementor-widget elementor-widget-nav-menu\" data-id=\"64c6563\" data-element_type=\"widget\" data-settings=\"{&quot;layout&quot;:&quot;vertical&quot;,&quot;submenu_icon&quot;:{&quot;value&quot;:&quot;&lt;svg class=\\&quot;e-font-icon-svg e-fas-caret-down\\&quot; viewBox=\\&quot;0 0 320 512\\&quot; xmlns=\\&quot;http:\\\/\\\/www.w3.org\\\/2000\\\/svg\\&quot;&gt;&lt;path d=\\&quot;M31.3 192h257.3c17.8 0 26.7 21.5 14.1 34.1L174.1 354.8c-7.8 7.8-20.5 7.8-28.3 0L17.2 226.1C4.6 213.5 13.5 192 31.3 192z\\&quot;&gt;&lt;\\\/path&gt;&lt;\\\/svg&gt;&quot;,&quot;library&quot;:&quot;fa-solid&quot;},&quot;toggle&quot;:&quot;burger&quot;}\" data-widget_type=\"nav-menu.default\">\n\t\t\t\t\t\t\t\t<nav aria-label=\"Menu\" class=\"elementor-nav-menu--main elementor-nav-menu__container elementor-nav-menu--layout-vertical e--pointer-underline e--animation-fade\">\n\t\t\t\t<ul id=\"menu-1-64c6563\" class=\"elementor-nav-menu sm-vertical\"><li class=\"menu-item menu-item-type-post_type menu-item-object-page menu-item-143\"><a href=\"https:\/\/mx-tech.de\/?page_id=138\" class=\"elementor-item\">AGB<\/a><\/li>\n<li class=\"menu-item menu-item-type-post_type menu-item-object-page menu-item-145\"><a href=\"https:\/\/mx-tech.de\/?page_id=134\" class=\"elementor-item\">Datenschutzerkl\u00e4rung<\/a><\/li>\n<li class=\"menu-item menu-item-type-post_type menu-item-object-page menu-item-144\"><a href=\"https:\/\/mx-tech.de\/?page_id=136\" class=\"elementor-item\">Widerrufsrecht<\/a><\/li>\n<li class=\"menu-item menu-item-type-post_type menu-item-object-page menu-item-146\"><a href=\"https:\/\/mx-tech.de\/?page_id=132\" class=\"elementor-item\">Impressum<\/a><\/li>\n<li class=\"menu-item menu-item-type-post_type menu-item-object-page menu-item-142\"><a href=\"https:\/\/mx-tech.de\/?page_id=140\" class=\"elementor-item\">Zahlung und Versand<\/a><\/li>\n<\/ul>\t\t\t<\/nav>\n\t\t\t\t\t<div class=\"elementor-menu-toggle\" role=\"button\" tabindex=\"0\" aria-label=\"Menu Toggle\" aria-expanded=\"false\">\n\t\t\t<svg aria-hidden=\"true\" role=\"presentation\" class=\"elementor-menu-toggle__icon--open e-font-icon-svg e-eicon-menu-bar\" viewBox=\"0 0 1000 1000\" xmlns=\"http:\/\/www.w3.org\/2000\/svg\"><path d=\"M104 333H896C929 333 958 304 958 271S929 208 896 208H104C71 208 42 237 42 271S71 333 104 333ZM104 583H896C929 583 958 554 958 521S929 458 896 458H104C71 458 42 487 42 521S71 583 104 583ZM104 833H896C929 833 958 804 958 771S929 708 896 708H104C71 708 42 737 42 771S71 833 104 833Z\"><\/path><\/svg><svg aria-hidden=\"true\" role=\"presentation\" class=\"elementor-menu-toggle__icon--close e-font-icon-svg e-eicon-close\" viewBox=\"0 0 1000 1000\" xmlns=\"http:\/\/www.w3.org\/2000\/svg\"><path d=\"M742 167L500 408 258 167C246 154 233 150 217 150 196 150 179 158 167 167 154 179 150 196 150 212 150 229 154 242 171 254L408 500 167 742C138 771 138 800 167 829 196 858 225 858 254 829L496 587 738 829C750 842 767 846 783 846 800 846 817 842 829 829 842 817 846 804 846 783 846 767 842 750 829 737L588 500 833 258C863 229 863 200 833 171 804 137 775 137 742 167Z\"><\/path><\/svg>\t\t<\/div>\n\t\t\t\t\t<nav class=\"elementor-nav-menu--dropdown elementor-nav-menu__container\" aria-hidden=\"true\">\n\t\t\t\t<ul id=\"menu-2-64c6563\" class=\"elementor-nav-menu sm-vertical\"><li class=\"menu-item menu-item-type-post_type menu-item-object-page menu-item-143\"><a href=\"https:\/\/mx-tech.de\/?page_id=138\" class=\"elementor-item\" tabindex=\"-1\">AGB<\/a><\/li>\n<li class=\"menu-item menu-item-type-post_type menu-item-object-page menu-item-145\"><a href=\"https:\/\/mx-tech.de\/?page_id=134\" class=\"elementor-item\" tabindex=\"-1\">Datenschutzerkl\u00e4rung<\/a><\/li>\n<li class=\"menu-item menu-item-type-post_type menu-item-object-page menu-item-144\"><a href=\"https:\/\/mx-tech.de\/?page_id=136\" class=\"elementor-item\" tabindex=\"-1\">Widerrufsrecht<\/a><\/li>\n<li class=\"menu-item menu-item-type-post_type menu-item-object-page menu-item-146\"><a href=\"https:\/\/mx-tech.de\/?page_id=132\" class=\"elementor-item\" tabindex=\"-1\">Impressum<\/a><\/li>\n<li class=\"menu-item menu-item-type-post_type menu-item-object-page menu-item-142\"><a href=\"https:\/\/mx-tech.de\/?page_id=140\" class=\"elementor-item\" tabindex=\"-1\">Zahlung und Versand<\/a><\/li>\n<\/ul>\t\t\t<\/nav>\n\t\t\t\t\t\t<\/div>\n\t\t\t\t<\/div>\n\t\t\t\t\t<\/div>\n\t\t\t\t<\/div>\n\t\t\t\t<\/div>\n\t\t\t\t<\/div>\n\t\t\t\t\t\t<\/div>\n\t\t\t\t<\/div>\n\t\t\t\t\t<\/div>\n\t\t\t\t<\/div>\n\t\t\t\t<\/div>\n\t\t","protected":false},"excerpt":{"rendered":"<p>Unser Shop wird aktuell f\u00fcr Sie \u00fcberarbeitet. In K\u00fcrze stehen Ihnen hier unsere Produkte zur Verf\u00fcgung. Besuchen Sie in der Zwischenzeit gerne unseren Shop auf Kleinanzeigen. Zum Kleinanzeigen-Shop<\/p>\n","protected":false},"author":1,"featured_media":0,"parent":0,"menu_order":0,"comment_status":"closed","ping_status":"closed","template":"","meta":{"footnotes":""},"class_list":["post-64","page","type-page","status-publish","hentry","entry"],"_links":{"self":[{"href":"https:\/\/mx-tech.de\/index.php?rest_route=\/wp\/v2\/pages\/64","targetHints":{"allow":["GET"]}}],"collection":[{"href":"https:\/\/mx-tech.de\/index.php?rest_route=\/wp\/v2\/pages"}],"about":[{"href":"https:\/\/mx-tech.de\/index.php?rest_route=\/wp\/v2\/types\/page"}],"author":[{"embeddable":true,"href":"https:\/\/mx-tech.de\/index.php?rest_route=\/wp\/v2\/users\/1"}],"replies":[{"embeddable":true,"href":"https:\/\/mx-tech.de\/index.php?rest_route=%2Fwp%2Fv2%2Fcomments&post=64"}],"version-history":[{"count":5,"href":"https:\/\/mx-tech.de\/index.php?rest_route=\/wp\/v2\/pages\/64\/revisions"}],"predecessor-version":[{"id":218,"href":"https:\/\/mx-tech.de\/index.php?rest_route=\/wp\/v2\/pages\/64\/revisions\/218"}],"wp:attachment":[{"href":"https:\/\/mx-tech.de\/index.php?rest_route=%2Fwp%2Fv2%2Fmedia&parent=64"}],"curies":[{"name":"wp","href":"https:\/\/api.w.org\/{rel}","templated":true}]}}